{"id":36,"date":"2021-05-18T22:39:48","date_gmt":"2021-05-18T20:39:48","guid":{"rendered":"https:\/\/konference.dauc.cz\/taxforum\/?page_id=36"},"modified":"2022-11-01T09:28:30","modified_gmt":"2022-11-01T08:28:30","slug":"cena-a-registrace","status":"publish","type":"page","link":"https:\/\/konference.dauc.cz\/taxforum\/cena-a-registrace\/","title":{"rendered":"Cena a registrace"},"content":{"rendered":"<p>[et_pb_section fb_built=&#8220;1&#8243; admin_label=&#8220;Hero&#8220; _builder_version=&#8220;4.9.2&#8243; background_color=&#8220;#0079C2&#8243; background_color_gradient_direction=&#8220;90deg&#8220; custom_padding=&#8220;|0px|0px|0px|false|false&#8220; box_shadow_style=&#8220;preset7&#8243; box_shadow_horizontal=&#8220;0px&#8220; box_shadow_vertical=&#8220;-300px&#8220; box_shadow_color=&#8220;#f5f9fb&#8220; global_colors_info=&#8220;{}&#8220;][et_pb_row _builder_version=&#8220;4.9.2&#8243; background_size=&#8220;initial&#8220; background_position=&#8220;top_left&#8220; background_repeat=&#8220;repeat&#8220; max_width=&#8220;1625px&#8220; custom_margin=&#8220;|||&#8220; custom_margin_tablet=&#8220;80px|||&#8220; custom_margin_last_edited=&#8220;off|desktop&#8220; use_custom_width=&#8220;on&#8220; custom_width_px=&#8220;1625px&#8220; global_colors_info=&#8220;{}&#8220;][et_pb_column type=&#8220;4_4&#8243; _builder_version=&#8220;3.25&#8243; custom_padding=&#8220;|||&#8220; global_colors_info=&#8220;{}&#8220; custom_padding__hover=&#8220;|||&#8220;][et_pb_text _builder_version=&#8220;4.9.2&#8243; text_font=&#8220;||||||||&#8220; header_font=&#8220;Merriweather|700|||||||&#8220; header_font_size=&#8220;46px&#8220; header_letter_spacing=&#8220;2px&#8220; header_line_height=&#8220;1.3em&#8220; text_orientation=&#8220;center&#8220; background_layout=&#8220;dark&#8220; max_width=&#8220;700px&#8220; module_alignment=&#8220;center&#8220; custom_margin=&#8220;||0px|&#8220; animation_style=&#8220;flip&#8220; animation_direction=&#8220;top&#8220; global_colors_info=&#8220;{}&#8220;]<\/p>\n<h1>Cena &amp; registrace<\/h1>\n<p>[\/et_pb_text][et_pb_divider color=&#8220;rgba(255,255,255,0.5)&#8220; divider_position=&#8220;center&#8220; divider_weight=&#8220;2px&#8220; _builder_version=&#8220;3.2&#8243; max_width=&#8220;90px&#8220; max_width_tablet=&#8220;12%&#8220; max_width_last_edited=&#8220;off|desktop&#8220; module_alignment=&#8220;center&#8220; custom_margin=&#8220;|||&#8220; animation_style=&#8220;flip&#8220; animation_delay=&#8220;100ms&#8220; global_colors_info=&#8220;{}&#8220;][\/et_pb_divider][et_pb_text _builder_version=&#8220;4.9.3&#8243; text_font=&#8220;||||||||&#8220; text_font_size=&#8220;20px&#8220; text_line_height=&#8220;1.8em&#8220; header_font=&#8220;||||||||&#8220; text_orientation=&#8220;center&#8220; background_layout=&#8220;dark&#8220; max_width=&#8220;700px&#8220; module_alignment=&#8220;center&#8220; custom_margin=&#8220;25px|||&#8220; animation_style=&#8220;flip&#8220; animation_direction=&#8220;top&#8220; animation_delay=&#8220;150ms&#8220; global_colors_info=&#8220;{}&#8220;]<\/p>\n<p>Kapacita je omezena, a proto si sv\u00e9 m\u00edsto rezervujte v\u010das! Ceny jsou uvedeny v\u010detn\u011b DPH.<\/p>\n<p>[\/et_pb_text][\/et_pb_column][\/et_pb_row][et_pb_row _builder_version=&#8220;4.9.3&#8243; background_color=&#8220;#ffffff&#8220; custom_margin=&#8220;10px||||false|false&#8220; custom_padding=&#8220;|0px||0px|false|false&#8220; global_colors_info=&#8220;{}&#8220;][et_pb_column type=&#8220;4_4&#8243; _builder_version=&#8220;3.25&#8243; custom_padding=&#8220;|||&#8220; global_colors_info=&#8220;{}&#8220; custom_padding__hover=&#8220;|||&#8220;][et_pb_pricing_tables header_background_color=&#8220;#ffffff&#8220; show_bullet=&#8220;off&#8220; _builder_version=&#8220;4.13.0&#8243; currency_frequency_text_color=&#8220;#21212a&#8220; price_text_color=&#8220;#4646c4&#8243; header_text_color=&#8220;#4646c4&#8243; header_font=&#8220;|700||on|||||&#8220; header_font_size=&#8220;20px&#8220; body_font=&#8220;||||||||&#8220; body_text_align=&#8220;center&#8220; body_font_size=&#8220;18px&#8220; body_line_height=&#8220;10px&#8220; subheader_font=&#8220;||||||||&#8220; price_font=&#8220;Merriweather|700|||||||&#8220; price_font_size=&#8220;40px&#8220; currency_frequency_font=&#8220;Merriweather|700|||||||&#8220; currency_frequency_font_size=&#8220;20px&#8220; background_color=&#8220;#ffffff&#8220; custom_button=&#8220;on&#8220; button_text_size=&#8220;14px&#8220; button_text_color=&#8220;#ffffff&#8220; button_bg_color=&#8220;#4646c4&#8243; button_border_width=&#8220;8px&#8220; button_border_color=&#8220;#4646c4&#8243; button_border_radius=&#8220;0px&#8220; button_letter_spacing=&#8220;1px&#8220; button_font=&#8220;|700||on|||||&#8220; button_icon=&#8220;&#x24;||divi||400&#8243; button_on_hover=&#8220;off&#8220; module_alignment=&#8220;center&#8220; custom_margin=&#8220;|||&#8220; custom_padding=&#8220;|||&#8220; animation_style=&#8220;zoom&#8220; animation_intensity_zoom=&#8220;10%&#8220; hover_enabled=&#8220;0&#8243; custom_css_pricing_top=&#8220;border: none;&#8220; custom_css_pricing_content=&#8220;margin-top: -50px;&#8220; border_color_all=&#8220;#ffffff&#8220; button_letter_spacing_hover=&#8220;1px&#8220; center_list_items=&#8220;on&#8220; global_colors_info=&#8220;{}&#8220; button_text_size__hover_enabled=&#8220;off&#8220; button_one_text_size__hover_enabled=&#8220;off&#8220; button_two_text_size__hover_enabled=&#8220;off&#8220; button_text_color__hover_enabled=&#8220;off&#8220; button_one_text_color__hover_enabled=&#8220;off&#8220; button_two_text_color__hover_enabled=&#8220;off&#8220; button_border_width__hover_enabled=&#8220;off&#8220; button_one_border_width__hover_enabled=&#8220;off&#8220; button_two_border_width__hover_enabled=&#8220;off&#8220; button_border_color__hover_enabled=&#8220;off&#8220; button_one_border_color__hover_enabled=&#8220;off&#8220; button_two_border_color__hover_enabled=&#8220;off&#8220; button_border_radius__hover_enabled=&#8220;off&#8220; button_one_border_radius__hover_enabled=&#8220;off&#8220; button_two_border_radius__hover_enabled=&#8220;off&#8220; button_letter_spacing__hover_enabled=&#8220;on&#8220; button_letter_spacing__hover=&#8220;1px&#8220; button_one_letter_spacing__hover_enabled=&#8220;off&#8220; button_two_letter_spacing__hover_enabled=&#8220;off&#8220; button_bg_color__hover_enabled=&#8220;off&#8220; button_one_bg_color__hover_enabled=&#8220;off&#8220; button_two_bg_color__hover_enabled=&#8220;off&#8220; sticky_enabled=&#8220;0&#8243;][et_pb_pricing_table title=&#8220;B\u011b\u017en\u00e1 vstupenka&#8220; sum=&#8220;3 500 K\u010d&#8220; button_url=&#8220;https:\/\/obchod.wolterskluwer.cz\/cz\/taxforum-2023.p6730.html&#8220; url_new_window=&#8220;on&#8220; button_text=&#8220;Koupit vstupenku&#8220; _builder_version=&#8220;4.13.0&#8243; price_text_color=&#8220;#0079C2&#8243; header_level=&#8220;h2&#8243; header_font=&#8220;||||||||&#8220; header_text_color=&#8220;#032E63&#8243; excluded_text_color=&#8220;#7a7a7a&#8220; custom_button=&#8220;on&#8220; button_bg_color=&#8220;#D34C4C&#8220; button_border_color=&#8220;#D34C4C&#8220; button_use_icon=&#8220;off&#8220; text_orientation=&#8220;center&#8220; pricing_item_excluded_color=&#8220;#7a7a7a&#8220; global_colors_info=&#8220;{}&#8220; button_text_size__hover_enabled=&#8220;off&#8220; button_one_text_size__hover_enabled=&#8220;off&#8220; button_two_text_size__hover_enabled=&#8220;off&#8220; button_text_color__hover_enabled=&#8220;off&#8220; button_one_text_color__hover_enabled=&#8220;off&#8220; button_two_text_color__hover_enabled=&#8220;off&#8220; button_border_width__hover_enabled=&#8220;off&#8220; button_one_border_width__hover_enabled=&#8220;off&#8220; button_two_border_width__hover_enabled=&#8220;off&#8220; button_border_color__hover_enabled=&#8220;off&#8220; button_one_border_color__hover_enabled=&#8220;off&#8220; button_two_border_color__hover_enabled=&#8220;off&#8220; button_border_radius__hover_enabled=&#8220;off&#8220; button_one_border_radius__hover_enabled=&#8220;off&#8220; button_two_border_radius__hover_enabled=&#8220;off&#8220; button_letter_spacing__hover_enabled=&#8220;off&#8220; button_one_letter_spacing__hover_enabled=&#8220;off&#8220; button_two_letter_spacing__hover_enabled=&#8220;off&#8220; button_bg_color__hover_enabled=&#8220;off&#8220; button_one_bg_color__hover_enabled=&#8220;off&#8220; button_two_bg_color__hover_enabled=&#8220;off&#8220; sticky_transition=&#8220;on&#8220; button_icon_default=&#8220;&#x24;||divi||400&#8243;][\/et_pb_pricing_table][et_pb_pricing_table title=&#8220;P\u0159edplatitel Wolters Kluwer&#8220; sum=&#8220;2 450 K\u010d&#8220; button_url=&#8220;https:\/\/obchod.wolterskluwer.cz\/cz\/taxforum-2023.p6730.html&#8220; url_new_window=&#8220;on&#8220; button_text=&#8220;Koupit vstupenku&#8220; _builder_version=&#8220;4.13.0&#8243; price_text_color=&#8220;#0079C2&#8243; header_level=&#8220;h2&#8243; header_font=&#8220;||||||||&#8220; header_text_color=&#8220;#032E63&#8243; excluded_text_color=&#8220;#7a7a7a&#8220; custom_button=&#8220;on&#8220; button_bg_color=&#8220;#D34C4C&#8220; button_border_color=&#8220;#D34C4C&#8220; button_use_icon=&#8220;off&#8220; text_orientation=&#8220;center&#8220; pricing_item_excluded_color=&#8220;#7a7a7a&#8220; global_colors_info=&#8220;{}&#8220; button_text_size__hover_enabled=&#8220;off&#8220; button_one_text_size__hover_enabled=&#8220;off&#8220; button_two_text_size__hover_enabled=&#8220;off&#8220; button_text_color__hover_enabled=&#8220;off&#8220; button_one_text_color__hover_enabled=&#8220;off&#8220; button_two_text_color__hover_enabled=&#8220;off&#8220; button_border_width__hover_enabled=&#8220;off&#8220; button_one_border_width__hover_enabled=&#8220;off&#8220; button_two_border_width__hover_enabled=&#8220;off&#8220; button_border_color__hover_enabled=&#8220;off&#8220; button_one_border_color__hover_enabled=&#8220;off&#8220; button_two_border_color__hover_enabled=&#8220;off&#8220; button_border_radius__hover_enabled=&#8220;off&#8220; button_one_border_radius__hover_enabled=&#8220;off&#8220; button_two_border_radius__hover_enabled=&#8220;off&#8220; button_letter_spacing__hover_enabled=&#8220;off&#8220; button_one_letter_spacing__hover_enabled=&#8220;off&#8220; button_two_letter_spacing__hover_enabled=&#8220;off&#8220; button_bg_color__hover_enabled=&#8220;off&#8220; button_one_bg_color__hover_enabled=&#8220;off&#8220; button_two_bg_color__hover_enabled=&#8220;off&#8220; sticky_transition=&#8220;on&#8220; button_icon_default=&#8220;&#x24;||divi||400&#8243;][\/et_pb_pricing_table][et_pb_pricing_table title=&#8220;Klient EK Partners&#8220; sum=&#8220;2 450 K\u010d&#8220; button_url=&#8220;https:\/\/obchod.wolterskluwer.cz\/cz\/taxforum-2023.p6730.html&#8220; url_new_window=&#8220;on&#8220; button_text=&#8220;Koupit vstupenku&#8220; _builder_version=&#8220;4.13.0&#8243; price_text_color=&#8220;#0079C2&#8243; header_level=&#8220;h2&#8243; header_font=&#8220;||||||||&#8220; header_text_color=&#8220;#032E63&#8243; excluded_text_color=&#8220;#7a7a7a&#8220; custom_button=&#8220;on&#8220; button_bg_color=&#8220;#D34C4C&#8220; button_border_color=&#8220;#d34c4c&#8220; button_use_icon=&#8220;off&#8220; text_orientation=&#8220;center&#8220; pricing_item_excluded_color=&#8220;#7a7a7a&#8220; global_colors_info=&#8220;{}&#8220; button_text_size__hover_enabled=&#8220;off&#8220; button_one_text_size__hover_enabled=&#8220;off&#8220; button_two_text_size__hover_enabled=&#8220;off&#8220; button_text_color__hover_enabled=&#8220;off&#8220; button_one_text_color__hover_enabled=&#8220;off&#8220; button_two_text_color__hover_enabled=&#8220;off&#8220; button_border_width__hover_enabled=&#8220;off&#8220; button_one_border_width__hover_enabled=&#8220;off&#8220; button_two_border_width__hover_enabled=&#8220;off&#8220; button_border_color__hover_enabled=&#8220;off&#8220; button_one_border_color__hover_enabled=&#8220;off&#8220; button_two_border_color__hover_enabled=&#8220;off&#8220; button_border_radius__hover_enabled=&#8220;off&#8220; button_one_border_radius__hover_enabled=&#8220;off&#8220; button_two_border_radius__hover_enabled=&#8220;off&#8220; button_letter_spacing__hover_enabled=&#8220;off&#8220; button_one_letter_spacing__hover_enabled=&#8220;off&#8220; button_two_letter_spacing__hover_enabled=&#8220;off&#8220; button_bg_color__hover_enabled=&#8220;off&#8220; button_one_bg_color__hover_enabled=&#8220;off&#8220; button_two_bg_color__hover_enabled=&#8220;off&#8220; sticky_transition=&#8220;on&#8220; button_icon_default=&#8220;&#x24;||divi||400&#8243;][\/et_pb_pricing_table][et_pb_pricing_table title=&#8220;\u010clen Svazu \u00fa\u010detn\u00edch&#8220; sum=&#8220;2 450 K\u010d&#8220; button_url=&#8220;https:\/\/obchod.wolterskluwer.cz\/cz\/taxforum-2023.p6730.html&#8220; url_new_window=&#8220;on&#8220; button_text=&#8220;Koupit vstupenku&#8220; _builder_version=&#8220;4.13.0&#8243; price_text_color=&#8220;#0079C2&#8243; header_level=&#8220;h2&#8243; header_font=&#8220;||||||||&#8220; header_text_color=&#8220;#032E63&#8243; excluded_text_color=&#8220;#7a7a7a&#8220; custom_button=&#8220;on&#8220; button_bg_color=&#8220;#D34C4C&#8220; button_border_color=&#8220;#d34c4c&#8220; button_use_icon=&#8220;off&#8220; text_orientation=&#8220;center&#8220; hover_enabled=&#8220;0&#8243; pricing_item_excluded_color=&#8220;#7a7a7a&#8220; global_colors_info=&#8220;{}&#8220; button_text_size__hover_enabled=&#8220;off&#8220; button_one_text_size__hover_enabled=&#8220;off&#8220; button_two_text_size__hover_enabled=&#8220;off&#8220; button_text_color__hover_enabled=&#8220;off&#8220; button_one_text_color__hover_enabled=&#8220;off&#8220; button_two_text_color__hover_enabled=&#8220;off&#8220; button_border_width__hover_enabled=&#8220;off&#8220; button_one_border_width__hover_enabled=&#8220;off&#8220; button_two_border_width__hover_enabled=&#8220;off&#8220; button_border_color__hover_enabled=&#8220;off&#8220; button_one_border_color__hover_enabled=&#8220;off&#8220; button_two_border_color__hover_enabled=&#8220;off&#8220; button_border_radius__hover_enabled=&#8220;off&#8220; button_one_border_radius__hover_enabled=&#8220;off&#8220; button_two_border_radius__hover_enabled=&#8220;off&#8220; button_letter_spacing__hover_enabled=&#8220;off&#8220; button_one_letter_spacing__hover_enabled=&#8220;off&#8220; button_two_letter_spacing__hover_enabled=&#8220;off&#8220; button_bg_color__hover_enabled=&#8220;off&#8220; button_one_bg_color__hover_enabled=&#8220;off&#8220; button_two_bg_color__hover_enabled=&#8220;off&#8220; sticky_transition=&#8220;on&#8220; button_icon_default=&#8220;&#x24;||divi||400&#8243; sticky_enabled=&#8220;0&#8243;][\/et_pb_pricing_table][\/et_pb_pricing_tables][et_pb_text ul_position=&#8220;inside&#8220; ul_item_indent=&#8220;15px&#8220; _builder_version=&#8220;4.9.3&#8243; _module_preset=&#8220;default&#8220; ul_font_size=&#8220;18px&#8220; ul_line_height=&#8220;1.7em&#8220; text_orientation=&#8220;center&#8220; custom_padding=&#8220;|||8%|false|false&#8220; global_colors_info=&#8220;{}&#8220;]<\/p>\n<p><strong>Uveden\u00e1 cena zahrnuje: <\/strong>\u00fa\u010dast na online konferenci, z\u00e1znam z konference, podkladov\u00e9 materi\u00e1ly<\/p>\n<p>[\/et_pb_text][\/et_pb_column][\/et_pb_row][\/et_pb_section][et_pb_section fb_built=&#8220;1&#8243; admin_label=&#8220;FAQ&#8220; _builder_version=&#8220;4.9.2&#8243; background_color=&#8220;#f5f9fb&#8220; custom_padding=&#8220;|0px||0px|false|false&#8220; global_colors_info=&#8220;{}&#8220;][et_pb_row custom_padding_last_edited=&#8220;on|tablet&#8220; _builder_version=&#8220;3.25&#8243; custom_padding_tablet=&#8220;||0px|&#8220; custom_padding_phone=&#8220;||0px|&#8220; global_colors_info=&#8220;{}&#8220;][et_pb_column type=&#8220;4_4&#8243; _builder_version=&#8220;3.25&#8243; custom_padding=&#8220;|||&#8220; global_colors_info=&#8220;{}&#8220; custom_padding__hover=&#8220;|||&#8220;][et_pb_text _builder_version=&#8220;4.9.2&#8243; text_font=&#8220;Merriweather|700|||||||&#8220; text_text_color=&#8220;#4646c4&#8243; text_font_size=&#8220;40px&#8220; header_font=&#8220;||||||||&#8220; header_2_font=&#8220;Merriweather|700|||||||&#8220; header_2_font_size=&#8220;40px&#8220; header_2_line_height=&#8220;1.3em&#8220; text_orientation=&#8220;center&#8220; max_width=&#8220;700px&#8220; module_alignment=&#8220;center&#8220; custom_margin=&#8220;||15px|&#8220; global_colors_info=&#8220;{}&#8220;]<\/p>\n<h2>Nej\u010dast\u011bj\u0161\u00ed <span style=\"color: #0079c2\">ot\u00e1zky<\/span><\/h2>\n<p>[\/et_pb_text][\/et_pb_column][\/et_pb_row][et_pb_row use_custom_gutter=&#8220;on&#8220; gutter_width=&#8220;4&#8243; custom_padding_last_edited=&#8220;off|desktop&#8220; _builder_version=&#8220;4.9.2&#8243; custom_margin=&#8220;|||&#8220; custom_padding=&#8220;|||&#8220; custom_padding_tablet=&#8220;||0px|&#8220; custom_padding_phone=&#8220;|||&#8220; locked=&#8220;off&#8220; global_colors_info=&#8220;{}&#8220;][et_pb_column type=&#8220;4_4&#8243; _builder_version=&#8220;3.25&#8243; custom_padding=&#8220;|||&#8220; global_colors_info=&#8220;{}&#8220; custom_padding__hover=&#8220;|||&#8220;][et_pb_text _builder_version=&#8220;4.13.0&#8243; text_font=&#8220;||||||||&#8220; text_line_height=&#8220;1.8em&#8220; header_font=&#8220;||||||||&#8220; header_3_font=&#8220;Merriweather|700|||||||&#8220; header_3_text_color=&#8220;#0079C2&#8243; header_3_font_size=&#8220;20px&#8220; header_3_line_height=&#8220;1.4em&#8220; custom_margin=&#8220;|||&#8220; animation_style=&#8220;fade&#8220; hover_enabled=&#8220;0&#8243; global_colors_info=&#8220;{}&#8220; sticky_enabled=&#8220;0&#8243;]<\/p>\n<h3><span>Jak mohu uplatnit slevu na rezervaci m\u00edsta?<\/span><\/h3>\n<p><span>P\u0159edplatitel\u00e9 produkt\u016f Wolters Kluwer, klienti EKP a \u010dlenov\u00e9 Svazu \u00fa\u010detn\u00edch maj\u00ed 30% slevu. Tato sleva je ve v\u00fd\u0161e uveden\u00e9m p\u0159ehledu ji\u017e zapo\u010d\u00edt\u00e1na. Pro z\u00edsk\u00e1n\u00ed slevy uve\u010fte slevov\u00fd k\u00f3d (do pole slevov\u00fd kup\u00f3n) v e-shopu Wolters Kluwer. Pokud nem\u00e1te slevov\u00fd k\u00f3d k dispozici =&gt; zadejte v objedn\u00e1vce do pozn\u00e1mky: p\u0159edplatitel \/ u\u017eivatel syst\u00e9mu ASPI, klient EKP nebo \u010dlen Svazu \u00fa\u010detn\u00edch. <strong>Sleva bude zohledn\u011bna a\u017e p\u0159i fakturaci!<\/strong><\/span><\/p>\n<p>[\/et_pb_text][et_pb_text _builder_version=&#8220;4.9.3&#8243; text_font=&#8220;||||||||&#8220; text_line_height=&#8220;1.8em&#8220; header_font=&#8220;||||||||&#8220; header_3_font=&#8220;Merriweather|700|||||||&#8220; header_3_text_color=&#8220;#0079C2&#8243; header_3_font_size=&#8220;20px&#8220; header_3_line_height=&#8220;1.4em&#8220; custom_margin=&#8220;|||&#8220; animation_style=&#8220;fade&#8220; global_colors_info=&#8220;{}&#8220;]<\/p>\n<h3><span>Jak\u00e9 jsou storno podm\u00ednky?<\/span><\/h3>\n<p><span>Ve\u0161ker\u00e9 zm\u011bny objedn\u00e1vek a p\u0159\u00edpadn\u00e1 storna p\u0159ij\u00edm\u00e1me pouze p\u00edsemn\u011b obchod@wolterskluwer.cz Bezplatn\u00e9 storno p\u0159ij\u00edm\u00e1me nejpozd\u011bji 5 pracovn\u00edch dn\u016f p\u0159ed zah\u00e1jen\u00edm akce. Pokud jste m\u011bli ji\u017e uhrazeno, vr\u00e1t\u00edme v\u00e1m platbu v pln\u00e9 v\u00fd\u0161i zp\u011bt. Po tomto term\u00ednu a v p\u0159\u00edpad\u011b, \u017ee se \u00fa\u010dastn\u00edk bez p\u00edsemn\u00e9 omluvy nedostav\u00ed, je povinen uhradit plnou cenu. Kurzovn\u00e9 se v tomto p\u0159\u00edpad\u011b nevrac\u00ed, nen\u00ed mo\u017en\u00fd p\u0159esun na jin\u00fd term\u00edn ani \u00fa\u010dastn\u00edkovi nevznik\u00e1 n\u00e1rok na jinou kompenzaci. Akceptujeme v\u0161ak n\u00e1hradn\u00edka.<\/span><\/p>\n<p>[\/et_pb_text][et_pb_text _builder_version=&#8220;4.9.3&#8243; text_font=&#8220;||||||||&#8220; text_line_height=&#8220;1.8em&#8220; header_font=&#8220;||||||||&#8220; header_3_font=&#8220;Merriweather|700|||||||&#8220; header_3_text_color=&#8220;#0079C2&#8243; header_3_font_size=&#8220;20px&#8220; header_3_line_height=&#8220;1.4em&#8220; custom_margin=&#8220;|||&#8220; animation_style=&#8220;fade&#8220; locked=&#8220;off&#8220; global_colors_info=&#8220;{}&#8220;]<\/p>\n<h3><span>Kdy dostanu certifik\u00e1t<\/span><\/h3>\n<p><span>Certifik\u00e1t o absolvov\u00e1n\u00ed zas\u00edl\u00e1me v elektronick\u00e9 verzi do t\u00fddne po konferenci.<\/span><\/p>\n<p>[\/et_pb_text][et_pb_text _builder_version=&#8220;4.9.3&#8243; text_font=&#8220;||||||||&#8220; text_line_height=&#8220;1.8em&#8220; header_font=&#8220;||||||||&#8220; header_3_font=&#8220;Merriweather|700|||||||&#8220; header_3_text_color=&#8220;#0079C2&#8243; header_3_font_size=&#8220;20px&#8220; header_3_line_height=&#8220;1.4em&#8220; custom_margin=&#8220;|||&#8220; animation_style=&#8220;fade&#8220; locked=&#8220;off&#8220; global_colors_info=&#8220;{}&#8220;]<\/p>\n<h3><span>Jak to bude prob\u00edhat a nen\u00ed to moc slo\u017eit\u00e9?<\/span><\/h3>\n<p><span>Z\u00fa\u010dastnit se koference nen\u00ed v\u016fbec slo\u017eit\u00e9.<\/span><\/p>\n<ol>\n<li><span>Den p\u0159ed za\u010d\u00e1tkem \u0161kolen\u00ed obdr\u017e\u00edte pozv\u00e1nku na \u0161kolen\u00ed v Teams do Va\u0161eho emailu.<\/span><\/li>\n<li><span>Ve stanovenou hodinu za\u010d\u00e1tku webin\u00e1\u0159e kliknete na odkaz P\u0159ipojit se ke sch\u016fzce p\u0159es Microsoft Teams uveden\u00fd v pozv\u00e1nce.<\/span><\/li>\n<li><span>V internetov\u00e9m prohl\u00ed\u017ee\u010di se v\u00e1m otev\u0159e \u00favodn\u00ed str\u00e1nka Teams.<\/span><\/li>\n<li><span>Pokud nem\u00e1te nainstalovan\u00fd program Teams, klikn\u011bte na odkaz \u201eP\u0159ipojte se m\u00edsto toho na webu\u201c.<\/span><\/li>\n<li><span>M\u00e1te-li program Teams instalov\u00e1n, klikn\u011bte na <strong>\u201eSpustit nyn\u00ed\u201c<\/strong>.<\/span><\/li>\n<li><span>Konference m\u016f\u017ee za\u010d\u00edt.<br \/><\/span><\/li>\n<\/ol>\n<p>[\/et_pb_text][\/et_pb_column][\/et_pb_row][\/et_pb_section]<\/p>\n","protected":false},"excerpt":{"rendered":"<p>Cena &amp; registraceKapacita je omezena, a proto si sv\u00e9 m\u00edsto rezervujte v\u010das! Ceny jsou uvedeny v\u010detn\u011b DPH.Uveden\u00e1 cena zahrnuje: \u00fa\u010dast na online konferenci, z\u00e1znam z konference, podkladov\u00e9 materi\u00e1lyNej\u010dast\u011bj\u0161\u00ed ot\u00e1zkyJak mohu uplatnit slevu na rezervaci m\u00edsta? P\u0159edplatitel\u00e9 produkt\u016f Wolters Kluwer, klienti EKP a \u010dlenov\u00e9 Svazu \u00fa\u010detn\u00edch maj\u00ed 30% slevu. Tato sleva je ve v\u00fd\u0161e uveden\u00e9m p\u0159ehledu [&hellip;]<\/p>\n","protected":false},"author":1,"featured_media":0,"parent":0,"menu_order":0,"comment_status":"closed","ping_status":"closed","template":"","meta":{"_et_pb_use_builder":"on","_et_pb_old_content":"","_et_gb_content_width":"","footnotes":""},"class_list":["post-36","page","type-page","status-publish","hentry"],"_links":{"self":[{"href":"https:\/\/konference.dauc.cz\/taxforum\/wp-json\/wp\/v2\/pages\/36","targetHints":{"allow":["GET"]}}],"collection":[{"href":"https:\/\/konference.dauc.cz\/taxforum\/wp-json\/wp\/v2\/pages"}],"about":[{"href":"https:\/\/konference.dauc.cz\/taxforum\/wp-json\/wp\/v2\/types\/page"}],"author":[{"embeddable":true,"href":"https:\/\/konference.dauc.cz\/taxforum\/wp-json\/wp\/v2\/users\/1"}],"replies":[{"embeddable":true,"href":"https:\/\/konference.dauc.cz\/taxforum\/wp-json\/wp\/v2\/comments?post=36"}],"version-history":[{"count":10,"href":"https:\/\/konference.dauc.cz\/taxforum\/wp-json\/wp\/v2\/pages\/36\/revisions"}],"predecessor-version":[{"id":238,"href":"https:\/\/konference.dauc.cz\/taxforum\/wp-json\/wp\/v2\/pages\/36\/revisions\/238"}],"wp:attachment":[{"href":"https:\/\/konference.dauc.cz\/taxforum\/wp-json\/wp\/v2\/media?parent=36"}],"curies":[{"name":"wp","href":"https:\/\/api.w.org\/{rel}","templated":true}]}}