{"id":39,"date":"2021-05-18T22:41:05","date_gmt":"2021-05-18T20:41:05","guid":{"rendered":"https:\/\/konference.dauc.cz\/taxforum\/?page_id=39"},"modified":"2022-08-30T15:06:54","modified_gmt":"2022-08-30T13:06:54","slug":"kontakt","status":"publish","type":"page","link":"https:\/\/konference.dauc.cz\/taxforum\/kontakt\/","title":{"rendered":"Kontakt"},"content":{"rendered":"<p>[et_pb_section fb_built=&#8220;1&#8243; custom_padding_last_edited=&#8220;off|desktop&#8220; admin_label=&#8220;Hero&#8220; _builder_version=&#8220;4.9.2&#8243; use_background_color_gradient=&#8220;on&#8220; background_color_gradient_start=&#8220;#ffffff&#8220; background_color_gradient_end=&#8220;#e7edf9&#8243; custom_margin=&#8220;|||&#8220; custom_padding=&#8220;||||false|false&#8220; custom_padding_tablet=&#8220;130px||130px|&#8220; global_colors_info=&#8220;{}&#8220;][et_pb_row column_structure=&#8220;1_2,1_2&#8243; _builder_version=&#8220;3.25&#8243; background_size=&#8220;initial&#8220; background_position=&#8220;top_left&#8220; background_repeat=&#8220;repeat&#8220; custom_margin=&#8220;|||&#8220; global_colors_info=&#8220;{}&#8220;][et_pb_column type=&#8220;1_2&#8243; _builder_version=&#8220;3.25&#8243; custom_padding=&#8220;|||&#8220; global_colors_info=&#8220;{}&#8220; custom_padding__hover=&#8220;|||&#8220;][et_pb_text _builder_version=&#8220;4.9.2&#8243; header_font=&#8220;Merriweather|700|||||||&#8220; header_font_size=&#8220;46px&#8220; header_line_height=&#8220;1.3em&#8220; custom_margin=&#8220;||0px|&#8220; animation_style=&#8220;flip&#8220; animation_direction=&#8220;top&#8220; global_colors_info=&#8220;{}&#8220;]<\/p>\n<h1>Kontakt<\/h1>\n<p>[\/et_pb_text][et_pb_divider color=&#8220;#0079C2&#8243; divider_position=&#8220;center&#8220; divider_weight=&#8220;2px&#8220; _builder_version=&#8220;4.9.2&#8243; max_width=&#8220;90px&#8220; max_width_tablet=&#8220;12%&#8220; max_width_last_edited=&#8220;off|desktop&#8220; custom_margin=&#8220;|||&#8220; animation_style=&#8220;flip&#8220; animation_delay=&#8220;50ms&#8220; global_colors_info=&#8220;{}&#8220;][\/et_pb_divider][\/et_pb_column][et_pb_column type=&#8220;1_2&#8243; _builder_version=&#8220;3.25&#8243; custom_padding=&#8220;|||&#8220; global_colors_info=&#8220;{}&#8220; custom_padding__hover=&#8220;|||&#8220;][\/et_pb_column][\/et_pb_row][\/et_pb_section][et_pb_section fb_built=&#8220;1&#8243; _builder_version=&#8220;4.9.2&#8243; background_color=&#8220;#f5f9fb&#8220; custom_padding=&#8220;0px|0px|100px|0px&#8220; box_shadow_style=&#8220;preset4&#8243; box_shadow_horizontal=&#8220;0px&#8220; box_shadow_vertical=&#8220;120px&#8220; box_shadow_color=&#8220;#e7edf9&#8243; box_shadow_position=&#8220;inner&#8220; global_colors_info=&#8220;{}&#8220;][et_pb_row column_structure=&#8220;1_3,1_3,1_3&#8243; use_custom_gutter=&#8220;on&#8220; gutter_width=&#8220;2&#8243; make_equal=&#8220;on&#8220; admin_label=&#8220;Contact Info&#8220; _builder_version=&#8220;4.9.2&#8243; background_size=&#8220;initial&#8220; background_position=&#8220;top_center&#8220; background_repeat=&#8220;repeat&#8220; width=&#8220;90%&#8220; custom_margin=&#8220;||||false|false&#8220; custom_padding=&#8220;|||&#8220; global_colors_info=&#8220;{}&#8220;][et_pb_column type=&#8220;1_3&#8243; _builder_version=&#8220;4.9.2&#8243; background_color=&#8220;#FFFFFF&#8220; custom_padding=&#8220;|||&#8220; custom_padding_tablet=&#8220;|||0px&#8220; custom_padding_last_edited=&#8220;off|desktop&#8220; global_colors_info=&#8220;{}&#8220; padding_tablet=&#8220;|||0px&#8220; padding_last_edited=&#8220;off|desktop&#8220; custom_padding__hover=&#8220;|||&#8220;][et_pb_blurb title=&#8220;Po\u0159adatel&#8220; use_icon=&#8220;on&#8220; font_icon=&#8220;&#xe108;||divi||400&#8243; icon_color=&#8220;#ffffff&#8220; image_icon_background_color=&#8220;#bcc2cd&#8220; image_icon_width=&#8220;30px&#8220; _builder_version=&#8220;4.13.0&#8243; header_font=&#8220;Merriweather|700|||||||&#8220; header_text_color=&#8220;#0079C2&#8243; header_font_size=&#8220;20px&#8220; header_line_height=&#8220;2em&#8220; body_font=&#8220;||||||||&#8220; body_line_height=&#8220;1em&#8220; background_color=&#8220;#ffffff&#8220; image_icon_custom_padding=&#8220;25px|25px|25px|25px|false|false&#8220; text_orientation=&#8220;center&#8220; custom_margin=&#8220;-50px||||false|false&#8220; custom_margin_tablet=&#8220;0px|||&#8220; custom_margin_phone=&#8220;&#8220; custom_margin_last_edited=&#8220;on|tablet&#8220; custom_padding=&#8220;40px||40px||false|false&#8220; animation_style=&#8220;zoom&#8220; animation_intensity_zoom=&#8220;20%&#8220; border_color_all=&#8220;#e1e3e5&#8243; border_radii_image=&#8220;on|100%|100%|100%|100%&#8220; icon_font_size=&#8220;30px&#8220; use_circle=&#8220;on&#8220; circle_color=&#8220;#bcc2cd&#8220; global_colors_info=&#8220;{}&#8220; image_icon_background_color__sticky_enabled=&#8220;#0079c2&#8243; image_icon_background_color__sticky=&#8220;#0079c2&#8243;]<\/p>\n<p><strong>Redakce Dan\u011b a \u00fa\u010detnictv\u00ed<\/strong><\/p>\n<p>Wolters Kluwer \u010cR, a. s.<\/p>\n<p>U n\u00e1kladov\u00e9ho n\u00e1dra\u017e\u00ed 10<\/p>\n<p>130 00 Praha 3<\/p>\n<p>I\u010c: 63077639<\/p>\n<p>DI\u010c: CZ63077639<\/p>\n<p><a href=\"https:\/\/www.dauc.cz\/\" target=\"_blank\" rel=\"noopener\">https:\/\/www.dauc.cz\/<\/a><\/p>\n<p>[\/et_pb_blurb][\/et_pb_column][et_pb_column type=&#8220;1_3&#8243; _builder_version=&#8220;4.9.2&#8243; background_color=&#8220;#FFFFFF&#8220; custom_padding=&#8220;|||&#8220; custom_padding_tablet=&#8220;|0px||0px&#8220; custom_padding_last_edited=&#8220;off|desktop&#8220; global_colors_info=&#8220;{}&#8220; padding_tablet=&#8220;|0px||0px&#8220; padding_last_edited=&#8220;off|desktop&#8220; custom_padding__hover=&#8220;|||&#8220;][et_pb_blurb title=&#8220;Dotazy ke konferenci&#8220; use_icon=&#8220;on&#8220; font_icon=&#8220;&#x75;||divi||400&#8243; icon_color=&#8220;#ffffff&#8220; image_icon_background_color=&#8220;#bcc2cd&#8220; image_icon_width=&#8220;30px&#8220; _builder_version=&#8220;4.13.0&#8243; header_font=&#8220;Merriweather|700|||||||&#8220; header_text_color=&#8220;#0079C2&#8243; header_font_size=&#8220;20px&#8220; header_line_height=&#8220;2em&#8220; body_font=&#8220;||||||||&#8220; body_line_height=&#8220;1em&#8220; background_color=&#8220;#ffffff&#8220; image_icon_custom_padding=&#8220;25px|25px|25px|25px|false|false&#8220; text_orientation=&#8220;center&#8220; custom_margin=&#8220;-50px||||false|false&#8220; custom_margin_tablet=&#8220;0px|||&#8220; custom_margin_phone=&#8220;&#8220; custom_margin_last_edited=&#8220;on|tablet&#8220; custom_padding=&#8220;40px||40px||false|false&#8220; animation_style=&#8220;zoom&#8220; animation_delay=&#8220;100ms&#8220; animation_intensity_zoom=&#8220;20%&#8220; border_color_all=&#8220;#e1e3e5&#8243; border_radii_image=&#8220;on|100%|100%|100%|100%&#8220; icon_font_size=&#8220;30px&#8220; use_circle=&#8220;on&#8220; circle_color=&#8220;#bcc2cd&#8220; global_colors_info=&#8220;{}&#8220; image_icon_background_color__sticky_enabled=&#8220;#0079c2&#8243; image_icon_background_color__sticky=&#8220;#0079c2&#8243;]<\/p>\n<p><strong>Ing. Andrea Dou\u0161ov\u00e1<\/strong><\/p>\n<p>\u0161efredaktorka da\u0148ov\u00e9 a \u00fa\u010detn\u00ed oblasti<\/p>\n<p><a href=\"mailto:andrea.dousova@wolterskluwer.com\">andrea.dousova@wolterskluwer.com<\/a><\/p>\n<p>tel: 246 040 473<\/p>\n<p>mobil: 731 516 376<\/p>\n<p>&nbsp;<\/p>\n<p>[\/et_pb_blurb][\/et_pb_column][et_pb_column type=&#8220;1_3&#8243; _builder_version=&#8220;4.9.2&#8243; background_color=&#8220;#FFFFFF&#8220; custom_padding=&#8220;|||&#8220; custom_padding_tablet=&#8220;|0px||&#8220; custom_padding_last_edited=&#8220;off|desktop&#8220; global_colors_info=&#8220;{}&#8220; padding_tablet=&#8220;|0px||&#8220; padding_last_edited=&#8220;off|desktop&#8220; custom_padding__hover=&#8220;|||&#8220;][et_pb_blurb title=&#8220;Kontakt&#8220; use_icon=&#8220;on&#8220; font_icon=&#8220;&#xe010;||divi||400&#8243; icon_color=&#8220;#ffffff&#8220; image_icon_background_color=&#8220;#bcc2cd&#8220; image_icon_width=&#8220;30px&#8220; _builder_version=&#8220;4.13.0&#8243; header_font=&#8220;Merriweather|700|||||||&#8220; header_text_color=&#8220;#0079C2&#8243; header_font_size=&#8220;20px&#8220; header_line_height=&#8220;2em&#8220; body_font=&#8220;||||||||&#8220; body_line_height=&#8220;1em&#8220; background_color=&#8220;#ffffff&#8220; image_icon_custom_padding=&#8220;25px|25px|25px|25px|false|false&#8220; text_orientation=&#8220;center&#8220; custom_margin=&#8220;-50px||||false|false&#8220; custom_margin_tablet=&#8220;0px|||&#8220; custom_margin_phone=&#8220;&#8220; custom_margin_last_edited=&#8220;on|tablet&#8220; custom_padding=&#8220;40px||40px||false|false&#8220; animation_style=&#8220;zoom&#8220; animation_delay=&#8220;200ms&#8220; animation_intensity_zoom=&#8220;20%&#8220; border_color_all=&#8220;#e1e3e5&#8243; border_radii_image=&#8220;on|100%|100%|100%|100%&#8220; icon_font_size=&#8220;30px&#8220; use_circle=&#8220;on&#8220; circle_color=&#8220;#bcc2cd&#8220; global_colors_info=&#8220;{}&#8220; image_icon_background_color__sticky_enabled=&#8220;#0079c2&#8243; image_icon_background_color__sticky=&#8220;#0079c2&#8243;]<\/p>\n<p><strong>Veronika Tom\u00e1\u0161kov\u00e1<\/strong><\/p>\n<p>produktov\u00fd mana\u017eer semin\u00e1\u0159\u016f a konferenc\u00ed<\/p>\n<p><a href=\"mailto:veronika.tomaskova@wolterskluwer.com\">veronika.tomaskova@wolterskluwer.com<\/a><\/p>\n<p>tel: 246 040 466<\/p>\n<p>mobil: 608 595 904<\/p>\n<p>[\/et_pb_blurb][\/et_pb_column][\/et_pb_row][\/et_pb_section]<\/p>\n","protected":false},"excerpt":{"rendered":"<p>KontaktRedakce Dan\u011b a \u00fa\u010detnictv\u00ed Wolters Kluwer \u010cR, a. s. U n\u00e1kladov\u00e9ho n\u00e1dra\u017e\u00ed 10 130 00 Praha 3 I\u010c: 63077639 DI\u010c: CZ63077639 https:\/\/www.dauc.cz\/Ing. Andrea Dou\u0161ov\u00e1 \u0161efredaktorka da\u0148ov\u00e9 a \u00fa\u010detn\u00ed oblasti andrea.dousova@wolterskluwer.com tel: 246 040 473 mobil: 731 516 376 &nbsp;Veronika Tom\u00e1\u0161kov\u00e1 produktov\u00fd mana\u017eer semin\u00e1\u0159\u016f a konferenc\u00ed veronika.tomaskova@wolterskluwer.com tel: 246 040 466 mobil: 608 595 904<\/p>\n","protected":false},"author":1,"featured_media":0,"parent":0,"menu_order":0,"comment_status":"closed","ping_status":"closed","template":"","meta":{"_et_pb_use_builder":"on","_et_pb_old_content":"","_et_gb_content_width":"","footnotes":""},"class_list":["post-39","page","type-page","status-publish","hentry"],"_links":{"self":[{"href":"https:\/\/konference.dauc.cz\/taxforum\/wp-json\/wp\/v2\/pages\/39","targetHints":{"allow":["GET"]}}],"collection":[{"href":"https:\/\/konference.dauc.cz\/taxforum\/wp-json\/wp\/v2\/pages"}],"about":[{"href":"https:\/\/konference.dauc.cz\/taxforum\/wp-json\/wp\/v2\/types\/page"}],"author":[{"embeddable":true,"href":"https:\/\/konference.dauc.cz\/taxforum\/wp-json\/wp\/v2\/users\/1"}],"replies":[{"embeddable":true,"href":"https:\/\/konference.dauc.cz\/taxforum\/wp-json\/wp\/v2\/comments?post=39"}],"version-history":[{"count":3,"href":"https:\/\/konference.dauc.cz\/taxforum\/wp-json\/wp\/v2\/pages\/39\/revisions"}],"predecessor-version":[{"id":201,"href":"https:\/\/konference.dauc.cz\/taxforum\/wp-json\/wp\/v2\/pages\/39\/revisions\/201"}],"wp:attachment":[{"href":"https:\/\/konference.dauc.cz\/taxforum\/wp-json\/wp\/v2\/media?parent=39"}],"curies":[{"name":"wp","href":"https:\/\/api.w.org\/{rel}","templated":true}]}}