{"id":39,"date":"2021-05-24T22:31:29","date_gmt":"2021-05-24T20:31:29","guid":{"rendered":"https:\/\/konference.dauc.cz\/transferove-ceny\/?page_id=39"},"modified":"2024-03-13T08:45:20","modified_gmt":"2024-03-13T07:45:20","slug":"prednasejici","status":"publish","type":"page","link":"https:\/\/konference.dauc.cz\/transferove-ceny\/prednasejici\/","title":{"rendered":"P\u0159edn\u00e1\u0161ej\u00edc\u00ed"},"content":{"rendered":"<p>[et_pb_section fb_built=&#8220;1&#8243; custom_padding_last_edited=&#8220;off|desktop&#8220; admin_label=&#8220;Hero&#8220; _builder_version=&#8220;4.16&#8243; use_background_color_gradient=&#8220;on&#8220; background_color_gradient_stops=&#8220;#ffffff 0%|#e7edf9 100%&#8220; background_color_gradient_start=&#8220;#ffffff&#8220; background_color_gradient_end=&#8220;#e7edf9&#8243; custom_margin=&#8220;|||&#8220; custom_padding=&#8220;||||false|false&#8220; custom_padding_tablet=&#8220;130px||130px|&#8220; global_colors_info=&#8220;{}&#8220;][et_pb_row column_structure=&#8220;1_2,1_2&#8243; admin_label=&#8220;title and illustration&#8220; _builder_version=&#8220;4.16&#8243; background_size=&#8220;initial&#8220; background_position=&#8220;top_left&#8220; background_repeat=&#8220;repeat&#8220; custom_margin=&#8220;|||&#8220; global_colors_info=&#8220;{}&#8220;][et_pb_column type=&#8220;1_2&#8243; _builder_version=&#8220;4.16&#8243; custom_padding=&#8220;|||&#8220; global_colors_info=&#8220;{}&#8220; custom_padding__hover=&#8220;|||&#8220;][et_pb_text _builder_version=&#8220;4.16&#8243; header_font=&#8220;Merriweather|700|||||||&#8220; header_font_size=&#8220;46px&#8220; header_line_height=&#8220;1.3em&#8220; custom_margin=&#8220;||0px|&#8220; animation_style=&#8220;flip&#8220; animation_direction=&#8220;top&#8220; global_colors_info=&#8220;{}&#8220;]<\/p>\n<h1>P\u0159edn\u00e1\u0161ej\u00edc\u00ed<\/h1>\n<p>[\/et_pb_text][et_pb_divider color=&#8220;#7AC142&#8243; divider_position=&#8220;center&#8220; divider_weight=&#8220;2px&#8220; _builder_version=&#8220;4.16&#8243; max_width=&#8220;90px&#8220; max_width_tablet=&#8220;12%&#8220; max_width_last_edited=&#8220;off|desktop&#8220; custom_margin=&#8220;|||&#8220; animation_style=&#8220;flip&#8220; animation_delay=&#8220;50ms&#8220; global_colors_info=&#8220;{}&#8220;][\/et_pb_divider][\/et_pb_column][et_pb_column type=&#8220;1_2&#8243; _builder_version=&#8220;4.16&#8243; custom_padding=&#8220;|||&#8220; global_colors_info=&#8220;{}&#8220; custom_padding__hover=&#8220;|||&#8220;][\/et_pb_column][\/et_pb_row][\/et_pb_section][et_pb_section fb_built=&#8220;1&#8243; admin_label=&#8220;Speakers&#8220; _builder_version=&#8220;4.16&#8243; custom_padding=&#8220;||||false|false&#8220; animation_style=&#8220;zoom&#8220; animation_intensity_zoom=&#8220;10%&#8220; global_colors_info=&#8220;{}&#8220;][et_pb_row column_structure=&#8220;1_3,2_3&#8243; _builder_version=&#8220;4.16&#8243; custom_margin=&#8220;|||&#8220; custom_padding=&#8220;40px|0px|40px|0px&#8220; border_width_top=&#8220;2px&#8220; border_color_top=&#8220;rgba(214,214,214,0.2)&#8220; global_colors_info=&#8220;{}&#8220;][et_pb_column type=&#8220;1_3&#8243; _builder_version=&#8220;4.16&#8243; custom_padding=&#8220;|||&#8220; global_colors_info=&#8220;{}&#8220; custom_padding__hover=&#8220;|||&#8220;][et_pb_image src=&#8220;https:\/\/konference.dauc.cz\/transferove-ceny\/wp-content\/uploads\/sites\/3\/2024\/03\/kostohryz.jpg&#8220; title_text=&#8220;kostohryz&#8220; _builder_version=&#8220;4.24.2&#8243; width=&#8220;56%&#8220; custom_margin=&#8220;|||&#8220; custom_margin_tablet=&#8220;90px|||&#8220; custom_margin_last_edited=&#8220;off|desktop&#8220; always_center_on_mobile=&#8220;off&#8220; locked=&#8220;off&#8220; global_colors_info=&#8220;{}&#8220;][\/et_pb_image][\/et_pb_column][et_pb_column type=&#8220;2_3&#8243; _builder_version=&#8220;4.16&#8243; custom_padding=&#8220;|||&#8220; global_colors_info=&#8220;{}&#8220; custom_padding__hover=&#8220;|||&#8220;][et_pb_text _builder_version=&#8220;4.16&#8243; text_font=&#8220;||||||||&#8220; text_text_color=&#8220;#7e7f93&#8243; text_font_size=&#8220;18px&#8220; header_font=&#8220;||||||||&#8220; header_3_font=&#8220;Merriweather|700|||||||&#8220; header_3_text_color=&#8220;#0082C8&#8243; header_3_font_size=&#8220;36px&#8220; header_3_line_height=&#8220;1.4em&#8220; locked=&#8220;off&#8220; global_colors_info=&#8220;{}&#8220;]<\/p>\n<h3><span><strong>Ing. Ji\u0159\u00ed Kostohryz, LL.M.<\/strong><\/span><\/h3>\n<p><strong>odd\u011blen\u00ed Mezin\u00e1rodn\u00edho zda\u0148ov\u00e1n\u00ed Ministerstva financ\u00ed<\/strong><\/p>\n<p>[\/et_pb_text][et_pb_text _builder_version=&#8220;4.24.2&#8243; text_font=&#8220;||||||||&#8220; text_line_height=&#8220;1.8em&#8220; global_colors_info=&#8220;{}&#8220;]<\/p>\n<p>Smlouvy o zamezen\u00ed dvoj\u00edmu zdan\u011bn\u00ed a tzv. \u201etreaty shopping\u201c\u00a0(aktu\u00e1ln\u00ed v\u00fdvoj, mezin\u00e1rodn\u00ed iniciativy)<\/p>\n<p><strong>Blok 1 &#8211; <\/strong>9:00 &#8211; 10:00<\/p>\n<p>[\/et_pb_text][\/et_pb_column][\/et_pb_row][et_pb_row column_structure=&#8220;2_3,1_3&#8243; _builder_version=&#8220;4.16&#8243; custom_margin=&#8220;|||&#8220; custom_padding=&#8220;40px|0px|40px|0px&#8220; border_width_top=&#8220;2px&#8220; border_color_top=&#8220;rgba(214,214,214,0.2)&#8220; border_style_top=&#8220;outset&#8220; global_colors_info=&#8220;{}&#8220;][et_pb_column type=&#8220;2_3&#8243; _builder_version=&#8220;4.16&#8243; custom_padding=&#8220;|||&#8220; global_colors_info=&#8220;{}&#8220; custom_padding__hover=&#8220;|||&#8220;][et_pb_text _builder_version=&#8220;4.16&#8243; text_font=&#8220;||||||||&#8220; text_text_color=&#8220;#7e7f93&#8243; text_font_size=&#8220;18px&#8220; header_font=&#8220;||||||||&#8220; header_3_font=&#8220;Merriweather|700|||||||&#8220; header_3_text_color=&#8220;#0082C8&#8243; header_3_font_size=&#8220;36px&#8220; header_3_line_height=&#8220;1.4em&#8220; locked=&#8220;off&#8220; global_colors_info=&#8220;{}&#8220;]<\/p>\n<h3><strong>Ing. Ludmila Klime\u0161ov\u00e1, MBA<\/strong><\/h3>\n<p><strong>\u0159editelka sekce v\u00fdkonu dan\u00ed I, Specializovan\u00fd finan\u010dn\u00ed \u00fa\u0159ad<\/strong><\/p>\n<p>[\/et_pb_text][et_pb_text _builder_version=&#8220;4.24.2&#8243; text_font=&#8220;||||||||&#8220; text_line_height=&#8220;1.8em&#8220; global_colors_info=&#8220;{}&#8220;]<\/p>\n<p>Zku\u0161enosti finan\u010dn\u00ed spr\u00e1vy z\u00a0da\u0148ov\u00fdch kontrol\u00a0<\/p>\n<p><strong>Blok 2 &#8211; <\/strong>10:00 &#8211; 11:00<\/p>\n<p>[\/et_pb_text][\/et_pb_column][et_pb_column type=&#8220;1_3&#8243; _builder_version=&#8220;4.16&#8243; custom_padding=&#8220;|||&#8220; global_colors_info=&#8220;{}&#8220; custom_padding__hover=&#8220;|||&#8220;][et_pb_image src=&#8220;https:\/\/konference.dauc.cz\/transferove-ceny\/wp-content\/uploads\/sites\/3\/2021\/06\/klimesova_400X400.jpg&#8220; title_text=&#8220;klimesova_400X400&#8243; _builder_version=&#8220;4.24.2&#8243; width=&#8220;58%&#8220; custom_margin=&#8220;|||&#8220; custom_margin_tablet=&#8220;90px|||&#8220; custom_margin_last_edited=&#8220;off|desktop&#8220; always_center_on_mobile=&#8220;off&#8220; locked=&#8220;off&#8220; global_colors_info=&#8220;{}&#8220;][\/et_pb_image][\/et_pb_column][\/et_pb_row][et_pb_row column_structure=&#8220;1_3,2_3&#8243; _builder_version=&#8220;4.16&#8243; custom_margin=&#8220;|||&#8220; custom_padding=&#8220;40px|0px|40px|0px&#8220; border_width_top=&#8220;2px&#8220; border_color_top=&#8220;rgba(214,214,214,0.2)&#8220; global_colors_info=&#8220;{}&#8220;][et_pb_column type=&#8220;1_3&#8243; _builder_version=&#8220;4.16&#8243; custom_padding=&#8220;|||&#8220; global_colors_info=&#8220;{}&#8220; custom_padding__hover=&#8220;|||&#8220;][et_pb_image src=&#8220;https:\/\/konference.dauc.cz\/transferove-ceny\/wp-content\/uploads\/sites\/3\/2021\/06\/jelinek_400x400.jpg&#8220; title_text=&#8220;jelinek_400x400&#8243; _builder_version=&#8220;4.24.2&#8243; width=&#8220;63%&#8220; custom_margin=&#8220;|||&#8220; custom_margin_tablet=&#8220;90px|||&#8220; custom_margin_last_edited=&#8220;off|desktop&#8220; always_center_on_mobile=&#8220;off&#8220; locked=&#8220;off&#8220; global_colors_info=&#8220;{}&#8220;][\/et_pb_image][\/et_pb_column][et_pb_column type=&#8220;2_3&#8243; _builder_version=&#8220;4.16&#8243; custom_padding=&#8220;|||&#8220; global_colors_info=&#8220;{}&#8220; custom_padding__hover=&#8220;|||&#8220;][et_pb_text _builder_version=&#8220;4.16&#8243; text_font=&#8220;||||||||&#8220; text_text_color=&#8220;#7e7f93&#8243; text_font_size=&#8220;18px&#8220; header_font=&#8220;||||||||&#8220; header_3_font=&#8220;Merriweather|700|||||||&#8220; header_3_text_color=&#8220;#0082C8&#8243; header_3_font_size=&#8220;36px&#8220; header_3_line_height=&#8220;1.4em&#8220; locked=&#8220;off&#8220; global_colors_info=&#8220;{}&#8220;]<\/p>\n<h3><span>Ing. Michal Jel\u00ednek, Ph.D.<\/span><\/h3>\n<p><strong>partner V4 Group<\/strong><\/p>\n<p>[\/et_pb_text][et_pb_text _builder_version=&#8220;4.24.2&#8243; text_font=&#8220;||||||||&#8220; text_line_height=&#8220;1.8em&#8220; global_colors_info=&#8220;{}&#8220;]<\/p>\n<p>Hranice mezi leg\u00e1ln\u00ed da\u0148ovou optimalizac\u00ed a da\u0148ov\u00fdm \u00fanikem<\/p>\n<p><strong>Blok 3 &#8211; <\/strong>12:00 &#8211; 13:00<\/p>\n<p>[\/et_pb_text][\/et_pb_column][\/et_pb_row][et_pb_row column_structure=&#8220;2_3,1_3&#8243; _builder_version=&#8220;4.16&#8243; custom_margin=&#8220;|||&#8220; custom_padding=&#8220;40px|0px|40px|0px&#8220; border_width_top=&#8220;2px&#8220; border_color_top=&#8220;rgba(214,214,214,0.2)&#8220; border_style_top=&#8220;outset&#8220; global_colors_info=&#8220;{}&#8220;][et_pb_column type=&#8220;2_3&#8243; _builder_version=&#8220;4.16&#8243; custom_padding=&#8220;|||&#8220; global_colors_info=&#8220;{}&#8220; custom_padding__hover=&#8220;|||&#8220;][et_pb_text _builder_version=&#8220;4.24.2&#8243; text_font=&#8220;||||||||&#8220; text_text_color=&#8220;#7e7f93&#8243; text_font_size=&#8220;18px&#8220; header_font=&#8220;||||||||&#8220; header_3_font=&#8220;Merriweather|700|||||||&#8220; header_3_text_color=&#8220;#0082C8&#8243; header_3_font_size=&#8220;36px&#8220; header_3_line_height=&#8220;1.4em&#8220; locked=&#8220;off&#8220; global_colors_info=&#8220;{}&#8220;]<\/p>\n<h3><strong>Alena W\u00e1gner Dugov\u00e1\u00a0<\/strong><\/h3>\n<p><strong>je senior mana\u017eerka v\u202fodd\u011blen\u00ed zam\u011b\u0159en\u00e9m na spr\u00e1vu dan\u00ed a da\u0148ov\u00e9 litigace v advok\u00e1tn\u00ed kancel\u00e1\u0159i Deloitte Legal v\u202fPraze<\/strong><\/p>\n<p>[\/et_pb_text][et_pb_text _builder_version=&#8220;4.24.2&#8243; text_font=&#8220;||||||||&#8220; text_line_height=&#8220;1.8em&#8220; hover_enabled=&#8220;0&#8243; global_colors_info=&#8220;{}&#8220; sticky_enabled=&#8220;0&#8243;]<\/p>\n<p>Mezin\u00e1rodn\u00ed da\u0148ov\u00e9 pl\u00e1nov\u00e1n\u00ed o\u010dima da\u0148ov\u00e9ho pr\u00e1vn\u00edka<\/p>\n<p><strong>Blok<\/strong> <strong>4 &#8211;<\/strong> 13:00 &#8211; 14:00<\/p>\n<p>[\/et_pb_text][\/et_pb_column][et_pb_column type=&#8220;1_3&#8243; _builder_version=&#8220;4.16&#8243; custom_padding=&#8220;|||&#8220; global_colors_info=&#8220;{}&#8220; custom_padding__hover=&#8220;|||&#8220;][et_pb_image src=&#8220;https:\/\/konference.dauc.cz\/transferove-ceny\/wp-content\/uploads\/sites\/3\/2024\/03\/dugova.jpg&#8220; title_text=&#8220;dugova&#8220; _builder_version=&#8220;4.24.2&#8243; custom_margin=&#8220;|||&#8220; custom_margin_tablet=&#8220;90px|||&#8220; custom_margin_last_edited=&#8220;off|desktop&#8220; hover_enabled=&#8220;0&#8243; always_center_on_mobile=&#8220;off&#8220; locked=&#8220;off&#8220; global_colors_info=&#8220;{}&#8220; sticky_enabled=&#8220;0&#8243; width=&#8220;63%&#8220;][\/et_pb_image][\/et_pb_column][\/et_pb_row][et_pb_row column_structure=&#8220;1_3,2_3&#8243; _builder_version=&#8220;4.16&#8243; custom_margin=&#8220;|||&#8220; custom_padding=&#8220;40px|0px|40px|0px&#8220; border_width_top=&#8220;2px&#8220; border_color_top=&#8220;rgba(214,214,214,0.2)&#8220; global_colors_info=&#8220;{}&#8220;][et_pb_column type=&#8220;1_3&#8243; _builder_version=&#8220;4.16&#8243; custom_padding=&#8220;|||&#8220; global_colors_info=&#8220;{}&#8220; custom_padding__hover=&#8220;|||&#8220;][et_pb_image src=&#8220;https:\/\/konference.dauc.cz\/transferove-ceny\/wp-content\/uploads\/sites\/3\/2024\/03\/ferjencik_web.jpg&#8220; title_text=&#8220;ferjencik_web&#8220; _builder_version=&#8220;4.24.2&#8243; width=&#8220;63%&#8220; custom_margin=&#8220;|||&#8220; custom_margin_tablet=&#8220;90px|||&#8220; custom_margin_last_edited=&#8220;off|desktop&#8220; hover_enabled=&#8220;0&#8243; always_center_on_mobile=&#8220;off&#8220; locked=&#8220;off&#8220; global_colors_info=&#8220;{}&#8220; sticky_enabled=&#8220;0&#8243;][\/et_pb_image][\/et_pb_column][et_pb_column type=&#8220;2_3&#8243; _builder_version=&#8220;4.16&#8243; custom_padding=&#8220;|||&#8220; global_colors_info=&#8220;{}&#8220; custom_padding__hover=&#8220;|||&#8220;][et_pb_text _builder_version=&#8220;4.24.2&#8243; text_font=&#8220;||||||||&#8220; text_text_color=&#8220;#7e7f93&#8243; text_font_size=&#8220;18px&#8220; header_font=&#8220;||||||||&#8220; header_3_font=&#8220;Merriweather|700|||||||&#8220; header_3_text_color=&#8220;#0082C8&#8243; header_3_font_size=&#8220;36px&#8220; header_3_line_height=&#8220;1.4em&#8220; hover_enabled=&#8220;0&#8243; locked=&#8220;off&#8220; global_colors_info=&#8220;{}&#8220; sticky_enabled=&#8220;0&#8243;]<\/p>\n<h3><strong>Bc. Mikul\u00e1\u0161 Ferjen\u010d\u00edk<\/strong><\/h3>\n<p><strong>da\u0148ov\u00fd expert Pir\u00e1tsk\u00e9 strany<\/strong><\/p>\n<p>[\/et_pb_text][et_pb_text _builder_version=&#8220;4.24.2&#8243; text_font=&#8220;||||||||&#8220; text_line_height=&#8220;1.8em&#8220; hover_enabled=&#8220;0&#8243; global_colors_info=&#8220;{}&#8220; sticky_enabled=&#8220;0&#8243;]<\/p>\n<p>Panelov\u00e1 diskuze<\/p>\n<p>[\/et_pb_text][\/et_pb_column][\/et_pb_row][\/et_pb_section]<\/p>\n","protected":false},"excerpt":{"rendered":"<p>P\u0159edn\u00e1\u0161ej\u00edc\u00edIng. Ji\u0159\u00ed Kostohryz, LL.M. odd\u011blen\u00ed Mezin\u00e1rodn\u00edho zda\u0148ov\u00e1n\u00ed Ministerstva financ\u00edSmlouvy o zamezen\u00ed dvoj\u00edmu zdan\u011bn\u00ed a tzv. \u201etreaty shopping\u201c\u00a0(aktu\u00e1ln\u00ed v\u00fdvoj, mezin\u00e1rodn\u00ed iniciativy) Blok 1 &#8211; 9:00 &#8211; 10:00Ing. Ludmila Klime\u0161ov\u00e1, MBA \u0159editelka sekce v\u00fdkonu dan\u00ed I, Specializovan\u00fd finan\u010dn\u00ed \u00fa\u0159adZku\u0161enosti finan\u010dn\u00ed spr\u00e1vy z\u00a0da\u0148ov\u00fdch kontrol\u00a0 Blok 2 &#8211; 10:00 &#8211; 11:00Ing. Michal Jel\u00ednek, Ph.D. partner V4 GroupHranice mezi leg\u00e1ln\u00ed [&hellip;]<\/p>\n","protected":false},"author":1,"featured_media":0,"parent":0,"menu_order":0,"comment_status":"closed","ping_status":"closed","template":"","meta":{"_et_pb_use_builder":"on","_et_pb_old_content":"","_et_gb_content_width":"","footnotes":""},"class_list":["post-39","page","type-page","status-publish","hentry"],"_links":{"self":[{"href":"https:\/\/konference.dauc.cz\/transferove-ceny\/wp-json\/wp\/v2\/pages\/39","targetHints":{"allow":["GET"]}}],"collection":[{"href":"https:\/\/konference.dauc.cz\/transferove-ceny\/wp-json\/wp\/v2\/pages"}],"about":[{"href":"https:\/\/konference.dauc.cz\/transferove-ceny\/wp-json\/wp\/v2\/types\/page"}],"author":[{"embeddable":true,"href":"https:\/\/konference.dauc.cz\/transferove-ceny\/wp-json\/wp\/v2\/users\/1"}],"replies":[{"embeddable":true,"href":"https:\/\/konference.dauc.cz\/transferove-ceny\/wp-json\/wp\/v2\/comments?post=39"}],"version-history":[{"count":10,"href":"https:\/\/konference.dauc.cz\/transferove-ceny\/wp-json\/wp\/v2\/pages\/39\/revisions"}],"predecessor-version":[{"id":277,"href":"https:\/\/konference.dauc.cz\/transferove-ceny\/wp-json\/wp\/v2\/pages\/39\/revisions\/277"}],"wp:attachment":[{"href":"https:\/\/konference.dauc.cz\/transferove-ceny\/wp-json\/wp\/v2\/media?parent=39"}],"curies":[{"name":"wp","href":"https:\/\/api.w.org\/{rel}","templated":true}]}}