{"id":45,"date":"2021-05-24T22:47:07","date_gmt":"2021-05-24T20:47:07","guid":{"rendered":"https:\/\/konference.dauc.cz\/transferove-ceny\/?page_id=45"},"modified":"2024-03-13T08:53:05","modified_gmt":"2024-03-13T07:53:05","slug":"transferove-ceny","status":"publish","type":"page","link":"https:\/\/konference.dauc.cz\/transferove-ceny\/","title":{"rendered":"Transferov\u00e9 ceny"},"content":{"rendered":"<p>[et_pb_section fb_built=&#8220;1&#8243; admin_label=&#8220;Hero&#8220; _builder_version=&#8220;4.24.2&#8243; background_color=&#8220;#0082C8&#8243; background_color_gradient_direction=&#8220;271deg&#8220; custom_margin=&#8220;||||false|false&#8220; custom_padding=&#8220;10px|0px|10px|0px|false|false&#8220; hover_enabled=&#8220;0&#8243; global_colors_info=&#8220;{}&#8220; sticky_enabled=&#8220;0&#8243;][et_pb_row column_structure=&#8220;3_5,2_5&#8243; make_equal=&#8220;on&#8220; _builder_version=&#8220;4.16&#8243; background_size=&#8220;initial&#8220; background_position=&#8220;top_left&#8220; background_repeat=&#8220;repeat&#8220; custom_margin=&#8220;|||&#8220; custom_padding=&#8220;|||&#8220; global_colors_info=&#8220;{}&#8220;][et_pb_column type=&#8220;3_5&#8243; _builder_version=&#8220;4.16&#8243; custom_padding=&#8220;|||&#8220; custom_padding_tablet=&#8220;20px|10%|0px|10%&#8220; custom_padding_last_edited=&#8220;off|desktop&#8220; global_colors_info=&#8220;{}&#8220; padding_tablet=&#8220;20px|10%|0px|10%&#8220; padding_last_edited=&#8220;off|desktop&#8220; custom_padding__hover=&#8220;|||&#8220;][et_pb_text _builder_version=&#8220;4.24.2&#8243; text_font=&#8220;Merriweather||||||||&#8220; text_text_color=&#8220;#FFFFFF&#8220; text_line_height=&#8220;1.8em&#8220; header_font=&#8220;Merriweather|700|||||||&#8220; header_text_color=&#8220;#FFFFFF&#8220; header_font_size=&#8220;46px&#8220; header_line_height=&#8220;1.3em&#8220; header_2_font=&#8220;Merriweather||||||||&#8220; background_layout=&#8220;dark&#8220; custom_margin=&#8220;||0px|&#8220; custom_padding=&#8220;0px|||||&#8220; animation_style=&#8220;flip&#8220; animation_direction=&#8220;top&#8220; global_colors_info=&#8220;{}&#8220;]<\/p>\n<p>KONFERENCE<\/p>\n<h1>MEZIN\u00c1RODN\u00cd DA\u0147OV\u00c9 OPTIMALIZACE 2024<\/h1>\n<p>Navazujeme na p\u0159edchoz\u00ed 3 \u00fasp\u011b\u0161n\u00e9 ro\u010dn\u00edky konference k transferov\u00fdm cen\u00e1m a zveme v\u00e1s na obsahov\u011b v\u00fdrazn\u011b roz\u0161\u00ed\u0159enou konferenci Mezin\u00e1rodn\u00ed da\u0148ov\u00e9 optimalizace.<\/p>\n<p>[\/et_pb_text][et_pb_text _builder_version=&#8220;4.24.2&#8243; text_font=&#8220;Merriweather|700|||||||&#8220; text_text_color=&#8220;#FFFFFF&#8220; text_font_size=&#8220;20px&#8220; text_line_height=&#8220;1.8em&#8220; header_font=&#8220;||||||||&#8220; background_layout=&#8220;dark&#8220; custom_margin=&#8220;30px||10px||false|false&#8220; animation_style=&#8220;flip&#8220; animation_direction=&#8220;top&#8220; animation_delay=&#8220;50ms&#8220; hover_enabled=&#8220;0&#8243; text_line_height_tablet=&#8220;1.8em&#8220; text_line_height_last_edited=&#8220;off|desktop&#8220; global_colors_info=&#8220;{}&#8220; sticky_enabled=&#8220;0&#8243;]<\/p>\n<p>15. kv\u011btna 2024<\/p>\n<p>[\/et_pb_text][et_pb_divider color=&#8220;rgba(255,255,255,0.5)&#8220; divider_position=&#8220;center&#8220; divider_weight=&#8220;2px&#8220; _builder_version=&#8220;4.16&#8243; max_width=&#8220;90px&#8220; max_width_tablet=&#8220;12%&#8220; max_width_last_edited=&#8220;off|desktop&#8220; custom_margin=&#8220;|||&#8220; animation_style=&#8220;flip&#8220; animation_delay=&#8220;100ms&#8220; global_colors_info=&#8220;{}&#8220;][\/et_pb_divider][et_pb_button button_url=&#8220;https:\/\/obchod.wolterskluwer.cz\/cz\/konference-mezinarodni-danove-optimalizace.p8119.html&#8220; button_text=&#8220;Koupit vstupenku&#8220; _builder_version=&#8220;4.24.2&#8243; custom_button=&#8220;on&#8220; button_text_size=&#8220;14px&#8220; button_bg_color=&#8220;#7AC142&#8243; button_border_width=&#8220;12px&#8220; button_border_color=&#8220;#7AC142&#8243; button_border_radius=&#8220;0px&#8220; button_letter_spacing=&#8220;1px&#8220; button_font=&#8220;|700||on|||||&#8220; button_use_icon=&#8220;off&#8220; background_layout=&#8220;dark&#8220; custom_margin=&#8220;|||&#8220; custom_padding=&#8220;|||&#8220; animation_style=&#8220;flip&#8220; animation_direction=&#8220;top&#8220; animation_delay=&#8220;200ms&#8220; hover_enabled=&#8220;0&#8243; global_colors_info=&#8220;{}&#8220; button_text_size__hover_enabled=&#8220;off&#8220; button_one_text_size__hover_enabled=&#8220;off&#8220; button_two_text_size__hover_enabled=&#8220;off&#8220; button_text_color__hover_enabled=&#8220;off&#8220; button_one_text_color__hover_enabled=&#8220;off&#8220; button_two_text_color__hover_enabled=&#8220;off&#8220; button_border_width__hover_enabled=&#8220;off&#8220; button_one_border_width__hover_enabled=&#8220;off&#8220; button_two_border_width__hover_enabled=&#8220;off&#8220; button_border_color__hover_enabled=&#8220;off&#8220; button_one_border_color__hover_enabled=&#8220;off&#8220; button_two_border_color__hover_enabled=&#8220;off&#8220; button_border_radius__hover_enabled=&#8220;off&#8220; button_one_border_radius__hover_enabled=&#8220;off&#8220; button_two_border_radius__hover_enabled=&#8220;off&#8220; button_letter_spacing__hover_enabled=&#8220;off&#8220; button_one_letter_spacing__hover_enabled=&#8220;off&#8220; button_two_letter_spacing__hover_enabled=&#8220;off&#8220; button_bg_color__hover_enabled=&#8220;off&#8220; button_one_bg_color__hover_enabled=&#8220;off&#8220; button_two_bg_color__hover_enabled=&#8220;off&#8220; button_text_color=&#8220;#FFFFFF&#8220; button_bg_enable_color=&#8220;on&#8220; sticky_enabled=&#8220;0&#8243;][\/et_pb_button][\/et_pb_column][et_pb_column type=&#8220;2_5&#8243; _builder_version=&#8220;4.16&#8243; custom_padding=&#8220;|||&#8220; custom_padding_tablet=&#8220;20px|10%|0px|10%&#8220; custom_padding_last_edited=&#8220;off|desktop&#8220; global_colors_info=&#8220;{}&#8220; padding_tablet=&#8220;20px|10%|0px|10%&#8220; padding_last_edited=&#8220;off|desktop&#8220; custom_padding__hover=&#8220;|||&#8220;][\/et_pb_column][\/et_pb_row][\/et_pb_section][et_pb_section fb_built=&#8220;1&#8243; admin_label=&#8220;Section 2 &#8211; Speakers&#8220; _builder_version=&#8220;4.16&#8243; background_color=&#8220;#f5f9fb&#8220; custom_padding=&#8220;|0px||0px|false|false&#8220; global_colors_info=&#8220;{}&#8220;][et_pb_row column_structure=&#8220;1_3,2_3&#8243; _builder_version=&#8220;4.16&#8243; custom_margin=&#8220;|||&#8220; global_colors_info=&#8220;{}&#8220;][et_pb_column type=&#8220;1_3&#8243; _builder_version=&#8220;4.16&#8243; custom_padding=&#8220;|||&#8220; global_colors_info=&#8220;{}&#8220; custom_padding__hover=&#8220;|||&#8220;][et_pb_text admin_label=&#8220;Title&#8220; _builder_version=&#8220;4.16&#8243; text_font=&#8220;Merriweather|700|||||||&#8220; text_text_color=&#8220;#4646c4&#8243; text_font_size=&#8220;40px&#8220; header_font=&#8220;||||||||&#8220; header_2_font=&#8220;Merriweather|700|||||||&#8220; header_2_text_color=&#8220;#0082c8&#8243; header_2_font_size=&#8220;40px&#8220; header_2_line_height=&#8220;1.3em&#8220; custom_margin=&#8220;|||&#8220; global_colors_info=&#8220;{}&#8220;]<\/p>\n<h2>Program a p\u0159edn\u00e1\u0161ej\u00edc\u00ed<\/h2>\n<p>[\/et_pb_text][et_pb_button button_url=&#8220;https:\/\/konference.dauc.cz\/transferove-ceny\/program\/&#8220; button_text=&#8220;Program&#8220; _builder_version=&#8220;4.21.0&#8243; custom_button=&#8220;on&#8220; button_text_size=&#8220;14px&#8220; button_bg_color=&#8220;#7AC142&#8243; button_border_width=&#8220;12px&#8220; button_border_color=&#8220;#7AC142&#8243; button_border_radius=&#8220;0px&#8220; button_letter_spacing=&#8220;1px&#8220; button_font=&#8220;|700||on|||||&#8220; button_use_icon=&#8220;off&#8220; background_layout=&#8220;dark&#8220; custom_margin=&#8220;|||&#8220; custom_padding=&#8220;|||&#8220; locked=&#8220;off&#8220; global_colors_info=&#8220;{}&#8220; button_text_size__hover_enabled=&#8220;off&#8220; button_one_text_size__hover_enabled=&#8220;off&#8220; button_two_text_size__hover_enabled=&#8220;off&#8220; button_text_color__hover_enabled=&#8220;off&#8220; button_one_text_color__hover_enabled=&#8220;off&#8220; button_two_text_color__hover_enabled=&#8220;off&#8220; button_border_width__hover_enabled=&#8220;off&#8220; button_one_border_width__hover_enabled=&#8220;off&#8220; button_two_border_width__hover_enabled=&#8220;off&#8220; button_border_color__hover_enabled=&#8220;off&#8220; button_one_border_color__hover_enabled=&#8220;off&#8220; button_two_border_color__hover_enabled=&#8220;off&#8220; button_border_radius__hover_enabled=&#8220;off&#8220; button_one_border_radius__hover_enabled=&#8220;off&#8220; button_two_border_radius__hover_enabled=&#8220;off&#8220; button_letter_spacing__hover_enabled=&#8220;off&#8220; button_one_letter_spacing__hover_enabled=&#8220;off&#8220; button_two_letter_spacing__hover_enabled=&#8220;off&#8220; button_bg_color__hover_enabled=&#8220;off&#8220; button_one_bg_color__hover_enabled=&#8220;off&#8220; button_two_bg_color__hover_enabled=&#8220;off&#8220;][\/et_pb_button][\/et_pb_column][et_pb_column type=&#8220;2_3&#8243; _builder_version=&#8220;4.16&#8243; custom_padding=&#8220;|||&#8220; global_colors_info=&#8220;{}&#8220; custom_padding__hover=&#8220;|||&#8220;][et_pb_text _builder_version=&#8220;4.16&#8243; text_font=&#8220;||||||||&#8220; text_line_height=&#8220;1.8em&#8220; max_width_tablet=&#8220;89%&#8220; max_width_phone=&#8220;97%&#8220; max_width_last_edited=&#8220;off|desktop&#8220; custom_margin=&#8220;|||&#8220; custom_padding=&#8220;|||&#8220; global_colors_info=&#8220;{}&#8220;]<\/p>\n<p><span>Nejen ned\u00e1vno schv\u00e1len\u00fd konsolida\u010dn\u00ed bal\u00ed\u010dek p\u0159isp\u011bl ke zp\u0159\u00edsn\u011bn\u00ed pravidel pro mo\u017en\u00e9 da\u0148ov\u00e9 optimalizace.<\/span><\/p>\n<p><span>Kde je hranice mezi legitimn\u00ed da\u0148ovou optimalizac\u00ed a da\u0148ov\u00fdm trestn\u00fdm \u010dinem? Jak vn\u00edmaj\u00ed mezin\u00e1rodn\u00ed da\u0148ovou optimalizaci z\u00e1konod\u00e1rci, spr\u00e1vci dan\u011b a da\u0148ov\u00ed poradci?\u00a0<\/span><\/p>\n<p>\u00a0To a mnohem v\u00edc se dozv\u00edte na na\u0161\u00ed konferenci!<\/p>\n<p class=\"txt-black\"><strong>Vyu\u017eijte v\u00fdrazn\u00fdch mno\u017estevn\u00edch slev!<\/strong><\/p>\n<ul><\/ul>\n<p class=\"txt-black\"><strong>Kapacita pro prezen\u010dn\u00ed \u00fa\u010dast je omezen\u00e1. Rezervujte si sv\u00e9 m\u00edsto v\u010das!<\/strong><\/p>\n<p>[\/et_pb_text][\/et_pb_column][\/et_pb_row][et_pb_row column_structure=&#8220;1_3,1_3,1_3&#8243; make_equal=&#8220;on&#8220; _builder_version=&#8220;4.16&#8243; global_colors_info=&#8220;{}&#8220;][et_pb_column type=&#8220;1_3&#8243; _builder_version=&#8220;4.16&#8243; custom_padding=&#8220;|||&#8220; global_colors_info=&#8220;{}&#8220; custom_padding__hover=&#8220;|||&#8220;][et_pb_image src=&#8220;https:\/\/konference.dauc.cz\/transferove-ceny\/wp-content\/uploads\/sites\/3\/2024\/03\/klimesova.jpg&#8220; title_text=&#8220;klimesova&#8220; align=&#8220;center&#8220; _builder_version=&#8220;4.24.2&#8243; custom_margin=&#8220;|||&#8220; custom_margin_tablet=&#8220;90px|||&#8220; custom_margin_last_edited=&#8220;off|desktop&#8220; animation_style=&#8220;zoom&#8220; border_radii=&#8220;on|100%|100%|100%|100%&#8220; always_center_on_mobile=&#8220;off&#8220; global_colors_info=&#8220;{}&#8220;][\/et_pb_image][et_pb_text _builder_version=&#8220;4.24.2&#8243; text_font=&#8220;||||||||&#8220; text_text_color=&#8220;#7e7f93&#8243; text_font_size=&#8220;18px&#8220; header_font=&#8220;||||||||&#8220; text_orientation=&#8220;center&#8220; global_colors_info=&#8220;{}&#8220;]<\/p>\n<h3><strong>Ing. Bc. Ludmila Klime\u0161ov\u00e1, MBA<\/strong><\/h3>\n<p>Specializovan\u00fd finan\u010dn\u00ed \u00fa\u0159ad<\/p>\n<p>[\/et_pb_text][et_pb_image src=&#8220;https:\/\/konference.dauc.cz\/transferove-ceny\/wp-content\/uploads\/sites\/3\/2024\/03\/ferjencik_web.jpg&#8220; title_text=&#8220;ferjencik_web&#8220; align=&#8220;center&#8220; _builder_version=&#8220;4.24.2&#8243; custom_margin=&#8220;|||&#8220; custom_margin_tablet=&#8220;90px|||&#8220; custom_margin_last_edited=&#8220;off|desktop&#8220; animation_style=&#8220;zoom&#8220; border_radii=&#8220;on|100%|100%|100%|100%&#8220; always_center_on_mobile=&#8220;off&#8220; global_colors_info=&#8220;{}&#8220;][\/et_pb_image][et_pb_text _builder_version=&#8220;4.24.2&#8243; text_font=&#8220;||||||||&#8220; text_text_color=&#8220;#7e7f93&#8243; text_font_size=&#8220;18px&#8220; header_font=&#8220;||||||||&#8220; header_3_font=&#8220;||||||||&#8220; text_orientation=&#8220;center&#8220; global_colors_info=&#8220;{}&#8220;]<\/p>\n<h3><strong>Bc. Mikul\u00e1\u0161 Ferjen\u010d\u00edk<span>\u00a0<\/span><\/strong><\/h3>\n<p><span>Da\u0148ov\u00fd expert Pir\u00e1tsk\u00e9 strany<\/span><\/p>\n<p>[\/et_pb_text][\/et_pb_column][et_pb_column type=&#8220;1_3&#8243; _builder_version=&#8220;4.16&#8243; custom_padding=&#8220;|||&#8220; global_colors_info=&#8220;{}&#8220; custom_padding__hover=&#8220;|||&#8220;][et_pb_image src=&#8220;https:\/\/konference.dauc.cz\/transferove-ceny\/wp-content\/uploads\/sites\/3\/2024\/03\/kostohryz.jpg&#8220; title_text=&#8220;kostohryz&#8220; align=&#8220;center&#8220; _builder_version=&#8220;4.24.2&#8243; custom_margin=&#8220;|||&#8220; custom_margin_tablet=&#8220;90px|||&#8220; custom_margin_last_edited=&#8220;off|desktop&#8220; animation_style=&#8220;zoom&#8220; animation_delay=&#8220;50ms&#8220; border_radii=&#8220;on|100%|100%|100%|100%&#8220; always_center_on_mobile=&#8220;off&#8220; locked=&#8220;off&#8220; global_colors_info=&#8220;{}&#8220;][\/et_pb_image][et_pb_text _builder_version=&#8220;4.24.2&#8243; text_font=&#8220;||||||||&#8220; text_text_color=&#8220;#7e7f93&#8243; text_font_size=&#8220;18px&#8220; header_font=&#8220;||||||||&#8220; text_orientation=&#8220;center&#8220; global_colors_info=&#8220;{}&#8220;]<\/p>\n<h3><strong> Ing. Ji\u0159\u00ed Kostohryz<span>, LL.M.<\/span><\/strong><\/h3>\n<p><span>O<\/span>dd\u011blen\u00ed Mezin\u00e1rodn\u00edho zda\u0148ov\u00e1n\u00ed Ministerstva financ\u00ed<strong>o<\/strong><\/p>\n<p>[\/et_pb_text][et_pb_image src=&#8220;https:\/\/konference.dauc.cz\/transferove-ceny\/wp-content\/uploads\/sites\/3\/2024\/03\/dugova.jpg&#8220; title_text=&#8220;dugova&#8220; align=&#8220;center&#8220; _builder_version=&#8220;4.24.2&#8243; custom_margin=&#8220;|||&#8220; custom_margin_tablet=&#8220;90px|||&#8220; custom_margin_last_edited=&#8220;off|desktop&#8220; animation_style=&#8220;zoom&#8220; animation_delay=&#8220;50ms&#8220; hover_enabled=&#8220;0&#8243; border_radii=&#8220;on|100%|100%|100%|100%&#8220; always_center_on_mobile=&#8220;off&#8220; locked=&#8220;off&#8220; global_colors_info=&#8220;{}&#8220; width=&#8220;63%&#8220; sticky_enabled=&#8220;0&#8243;][\/et_pb_image][et_pb_text _builder_version=&#8220;4.24.2&#8243; text_font=&#8220;||||||||&#8220; text_text_color=&#8220;#7e7f93&#8243; text_font_size=&#8220;18px&#8220; header_font=&#8220;||||||||&#8220; text_orientation=&#8220;center&#8220; hover_enabled=&#8220;0&#8243; global_colors_info=&#8220;{}&#8220; sticky_enabled=&#8220;0&#8243;]<\/p>\n<h3><strong><span>Alena W\u00e1gner Dugov\u00e1\u00a0<\/span><\/strong><\/h3>\n<p>Senior mana\u017eerka v\u202fodd\u011blen\u00ed zam\u011b\u0159en\u00e9m na spr\u00e1vu dan\u00ed a da\u0148ov\u00e9 litigace v advok\u00e1tn\u00ed kancel\u00e1\u0159i Deloitte Legal v\u202fPraze<\/p>\n<p>[\/et_pb_text][\/et_pb_column][et_pb_column type=&#8220;1_3&#8243; _builder_version=&#8220;4.16&#8243; custom_padding=&#8220;|||&#8220; global_colors_info=&#8220;{}&#8220; custom_padding__hover=&#8220;|||&#8220;][et_pb_image src=&#8220;https:\/\/konference.dauc.cz\/transferove-ceny\/wp-content\/uploads\/sites\/3\/2021\/06\/jelinek_400x400.jpg&#8220; title_text=&#8220;jelinek_400x400&#8243; align=&#8220;center&#8220; _builder_version=&#8220;4.24.2&#8243; width=&#8220;70%&#8220; custom_margin=&#8220;|||&#8220; custom_margin_tablet=&#8220;90px|||&#8220; custom_margin_last_edited=&#8220;off|desktop&#8220; animation_style=&#8220;zoom&#8220; animation_delay=&#8220;100ms&#8220; border_radii=&#8220;on|100%|100%|100%|100%&#8220; always_center_on_mobile=&#8220;off&#8220; locked=&#8220;off&#8220; global_colors_info=&#8220;{}&#8220;][\/et_pb_image][et_pb_text _builder_version=&#8220;4.16&#8243; text_font=&#8220;||||||||&#8220; text_text_color=&#8220;#7e7f93&#8243; text_font_size=&#8220;18px&#8220; header_font=&#8220;||||||||&#8220; text_orientation=&#8220;center&#8220; global_colors_info=&#8220;{}&#8220;]<\/p>\n<h3>Michal Jel\u00ednek<\/h3>\n<p>Partner V4 Group<\/p>\n<p>[\/et_pb_text][\/et_pb_column][\/et_pb_row][\/et_pb_section][et_pb_section fb_built=&#8220;1&#8243; _builder_version=&#8220;4.16&#8243; background_enable_color=&#8220;off&#8220; custom_padding=&#8220;|0px||0px|false|false&#8220; global_colors_info=&#8220;{}&#8220;][et_pb_row _builder_version=&#8220;4.16&#8243; custom_margin=&#8220;|||&#8220; custom_padding=&#8220;|||&#8220; global_colors_info=&#8220;{}&#8220;][et_pb_column type=&#8220;4_4&#8243; _builder_version=&#8220;4.16&#8243; custom_padding=&#8220;|||&#8220; global_colors_info=&#8220;{}&#8220; custom_padding__hover=&#8220;|||&#8220;][et_pb_text _builder_version=&#8220;4.16&#8243; text_font=&#8220;||||||||&#8220; header_font=&#8220;||||||||&#8220; header_2_text_align=&#8220;center&#8220; max_width=&#8220;700px&#8220; module_alignment=&#8220;center&#8220; custom_margin=&#8220;|||&#8220; global_colors_info=&#8220;{}&#8220;]<\/p>\n<h2>Na\u0161i partne\u0159i<\/h2>\n<p>[\/et_pb_text][\/et_pb_column][\/et_pb_row][et_pb_row column_structure=&#8220;1_4,1_4,1_4,1_4&#8243; admin_label=&#8220;Sponsors&#8220; _builder_version=&#8220;4.16&#8243; custom_margin=&#8220;|||&#8220; global_colors_info=&#8220;{}&#8220;][et_pb_column type=&#8220;1_4&#8243; _builder_version=&#8220;4.16&#8243; custom_padding=&#8220;|||&#8220; global_colors_info=&#8220;{}&#8220; custom_padding__hover=&#8220;|||&#8220;][et_pb_image src=&#8220;https:\/\/konference.dauc.cz\/transferove-ceny\/wp-content\/uploads\/sites\/3\/2024\/03\/logo_DAUC-2023_v01.jpg&#8220; title_text=&#8220;logo_DAUC-2023_v01&#8243; url=&#8220;https:\/\/www.dauc.cz\/&#8220; url_new_window=&#8220;on&#8220; align_tablet=&#8220;center&#8220; align_phone=&#8220;&#8220; align_last_edited=&#8220;on|desktop&#8220; _builder_version=&#8220;4.24.2&#8243; max_width_tablet=&#8220;50%&#8220; max_width_phone=&#8220;35%&#8220; max_width_last_edited=&#8220;off|desktop&#8220; animation_style=&#8220;fade&#8220; global_colors_info=&#8220;{}&#8220;][\/et_pb_image][\/et_pb_column][et_pb_column type=&#8220;1_4&#8243; _builder_version=&#8220;4.16&#8243; custom_padding=&#8220;|||&#8220; global_colors_info=&#8220;{}&#8220; custom_padding__hover=&#8220;|||&#8220;][et_pb_image src=&#8220;https:\/\/konference.dauc.cz\/transferove-ceny\/wp-content\/uploads\/sites\/3\/2021\/06\/logo_V4.png&#8220; title_text=&#8220;logo_V4&#8243; url=&#8220;https:\/\/www.v4group.eu\/cz\/&#8220; url_new_window=&#8220;on&#8220; _builder_version=&#8220;4.21.0&#8243; _module_preset=&#8220;default&#8220; global_colors_info=&#8220;{}&#8220;][\/et_pb_image][\/et_pb_column][et_pb_column type=&#8220;1_4&#8243; _builder_version=&#8220;4.16&#8243; custom_padding=&#8220;|||&#8220; global_colors_info=&#8220;{}&#8220; custom_padding__hover=&#8220;|||&#8220;][\/et_pb_column][et_pb_column type=&#8220;1_4&#8243; _builder_version=&#8220;4.16&#8243; custom_padding=&#8220;|||&#8220; global_colors_info=&#8220;{}&#8220; custom_padding__hover=&#8220;|||&#8220;][\/et_pb_column][\/et_pb_row][et_pb_row column_structure=&#8220;1_4,1_4,1_4,1_4&#8243; admin_label=&#8220;Sponsors&#8220; _builder_version=&#8220;4.16&#8243; custom_margin=&#8220;|||&#8220; global_colors_info=&#8220;{}&#8220;][et_pb_column type=&#8220;1_4&#8243; _builder_version=&#8220;4.16&#8243; custom_padding=&#8220;|||&#8220; global_colors_info=&#8220;{}&#8220; custom_padding__hover=&#8220;|||&#8220;][\/et_pb_column][et_pb_column type=&#8220;1_4&#8243; _builder_version=&#8220;4.16&#8243; custom_padding=&#8220;|||&#8220; global_colors_info=&#8220;{}&#8220; custom_padding__hover=&#8220;|||&#8220;][\/et_pb_column][et_pb_column type=&#8220;1_4&#8243; _builder_version=&#8220;4.16&#8243; custom_padding=&#8220;|||&#8220; global_colors_info=&#8220;{}&#8220; custom_padding__hover=&#8220;|||&#8220;][\/et_pb_column][et_pb_column type=&#8220;1_4&#8243; _builder_version=&#8220;4.16&#8243; custom_padding=&#8220;|||&#8220; global_colors_info=&#8220;{}&#8220; custom_padding__hover=&#8220;|||&#8220;][\/et_pb_column][\/et_pb_row][\/et_pb_section]<\/p>\n","protected":false},"excerpt":{"rendered":"<p>KONFERENCE MEZIN\u00c1RODN\u00cd DA\u0147OV\u00c9 OPTIMALIZACE 2024 Navazujeme na p\u0159edchoz\u00ed 3 \u00fasp\u011b\u0161n\u00e9 ro\u010dn\u00edky konference k transferov\u00fdm cen\u00e1m a zveme v\u00e1s na obsahov\u011b v\u00fdrazn\u011b roz\u0161\u00ed\u0159enou konferenci Mezin\u00e1rodn\u00ed da\u0148ov\u00e9 optimalizace.15. kv\u011btna 2024Program a p\u0159edn\u00e1\u0161ej\u00edc\u00edNejen ned\u00e1vno schv\u00e1len\u00fd konsolida\u010dn\u00ed bal\u00ed\u010dek p\u0159isp\u011bl ke zp\u0159\u00edsn\u011bn\u00ed pravidel pro mo\u017en\u00e9 da\u0148ov\u00e9 optimalizace. Kde je hranice mezi legitimn\u00ed da\u0148ovou optimalizac\u00ed a da\u0148ov\u00fdm trestn\u00fdm \u010dinem? Jak vn\u00edmaj\u00ed [&hellip;]<\/p>\n","protected":false},"author":1,"featured_media":0,"parent":0,"menu_order":0,"comment_status":"closed","ping_status":"closed","template":"","meta":{"_et_pb_use_builder":"on","_et_pb_old_content":"","_et_gb_content_width":"","footnotes":""},"class_list":["post-45","page","type-page","status-publish","hentry"],"_links":{"self":[{"href":"https:\/\/konference.dauc.cz\/transferove-ceny\/wp-json\/wp\/v2\/pages\/45","targetHints":{"allow":["GET"]}}],"collection":[{"href":"https:\/\/konference.dauc.cz\/transferove-ceny\/wp-json\/wp\/v2\/pages"}],"about":[{"href":"https:\/\/konference.dauc.cz\/transferove-ceny\/wp-json\/wp\/v2\/types\/page"}],"author":[{"embeddable":true,"href":"https:\/\/konference.dauc.cz\/transferove-ceny\/wp-json\/wp\/v2\/users\/1"}],"replies":[{"embeddable":true,"href":"https:\/\/konference.dauc.cz\/transferove-ceny\/wp-json\/wp\/v2\/comments?post=45"}],"version-history":[{"count":30,"href":"https:\/\/konference.dauc.cz\/transferove-ceny\/wp-json\/wp\/v2\/pages\/45\/revisions"}],"predecessor-version":[{"id":280,"href":"https:\/\/konference.dauc.cz\/transferove-ceny\/wp-json\/wp\/v2\/pages\/45\/revisions\/280"}],"wp:attachment":[{"href":"https:\/\/konference.dauc.cz\/transferove-ceny\/wp-json\/wp\/v2\/media?parent=45"}],"curies":[{"name":"wp","href":"https:\/\/api.w.org\/{rel}","templated":true}]}}